{"id":2622,"date":"2020-08-25T08:10:12","date_gmt":"2020-08-25T08:10:12","guid":{"rendered":"https:\/\/artsolutions4all.com\/?page_id=2622"},"modified":"2020-08-25T08:10:14","modified_gmt":"2020-08-25T08:10:14","slug":"politica-privacidad","status":"publish","type":"page","link":"https:\/\/artsolutions4all.com\/index.php\/politica-privacidad\/","title":{"rendered":"Politica de Privacidad"},"content":{"rendered":"\n<p>ArtSolutions4all.com se compromete a salvaguardar tu privacidad. Cont\u00e1ctanos si tienes alguna pregunta o problema con respecto al uso de tus datos personales y con gusto te atenderemos.Al usar este sitio y \/ o nuestros servicios, aceptas el procesamiento de tus datos personales como se describe en esta Pol\u00edtica de Privacidad.<\/p>\n\n\n\n<h3 class=\"wp-block-heading\">Definiciones<\/h3>\n\n\n\n<p><strong>Datos Personales<\/strong>\u00a0\u2013 Nombre, usuario y email de las personas que env\u00edan cualquier formulario de ese sitio web, incluido el de comentarios dentro de los art\u00edculos.<br><br><strong>Procesamiento<\/strong>\u00a0\u2013 cualquier operaci\u00f3n o conjunto de operaciones que se realice en Datos Personales o en conjuntos de Datos Personales.<\/p>\n\n\n\n<p><strong>Usuario<\/strong>&nbsp;-una persona f\u00edsica cuyos datos personales est\u00e1n siendo procesados.<\/p>\n\n\n\n<h3 class=\"wp-block-heading\" id=\"gdpr-principles\">Principios de protecci\u00f3n de datos que seguimos<\/h3>\n\n\n\n<p>Nos comprometemos a seguir los siguientes principios de protecci\u00f3n de datos:<\/p>\n\n\n\n<ul class=\"wp-block-list\"><li>El procesamiento es legal, justo y transparente. Nuestras actividades de procesamiento tienen bases legales. Siempre consideramos tus derechos antes de procesar datos personales. Te proporcionaremos informaci\u00f3n sobre el procesamiento al pedido.<\/li><li>El procesamiento est\u00e1 limitado al prop\u00f3sito. Nuestras actividades de procesamiento se ajustan al prop\u00f3sito para el cual se recopilaron los datos personales.<\/li><li>El procesamiento se realiza con datos m\u00ednimos. Solo recopilamos y procesamos la cantidad m\u00ednima de Datos personales requerida para cualquier prop\u00f3sito.<\/li><li>El procesamiento est\u00e1 limitado con un per\u00edodo de tiempo. No almacenaremos tus datos personales por m\u00e1s tiempo del necesario.<\/li><li>Haremos todo lo posible para garantizar la precisi\u00f3n de los datos.<\/li><li>Haremos todo lo posible para garantizar la integridad y confidencialidad de los datos.<\/li><\/ul>\n\n\n\n<h3 class=\"wp-block-heading\" id=\"gdpr-rights\">Derechos de usuario respecto a sus datos<\/h3>\n\n\n\n<p>El usuario tiene los siguientes derechos respecto a sus datos:<\/p>\n\n\n\n<ol class=\"wp-block-list\" type=\"1\"><li><strong>Derecho a la informaci\u00f3n<\/strong>, lo que significa que tienes derecho a saber si tus Datos personales se est\u00e1n procesando; qu\u00e9 datos se recopilan, de d\u00f3nde se obtienen y por qu\u00e9 y qui\u00e9n los procesa.<\/li><li><strong>Derecho de acceso<\/strong>, lo que significa que tienes derecho a acceder a los datos recopilados tuyos o acerca de ti. Esto incluye tu derecho a solicitar y obtener una copia de tus Datos personales recopilados.<\/li><li><strong>Derecho a rectificaci\u00f3n<\/strong>, lo que significa que tienes derecho a solicitar la rectificaci\u00f3n o el borrado de tus Datos personales que sean inexactos o incompletos.<\/li><li><strong>Derecho a borrado<\/strong>, lo que significa que en ciertas circunstancias puedes solicitar que tus datos personales sean borrados de nuestros registros.<\/li><li><strong>Derecho a restringir el procesamiento<\/strong>, es decir, cuando se aplican ciertas condiciones, tienes derecho a restringir el procesamiento de tus datos personales.<\/li><li><strong>Derecho a oponerse al procesamiento<\/strong>, lo que significa que en ciertos casos tienes derecho a oponerte al procesamiento de tus datos personales, por ejemplo, en el caso del marketing directo.<\/li><li><strong>Derecho a oponerse al procesamiento automatizado<\/strong>, lo que significa que tienes derecho a oponerte al procesamiento automatizado, incluidos los perfiles; y no estar sujeto a una decisi\u00f3n basada \u00fanicamente en el procesamiento automatizado. Este derecho se puede ejercer cada vez que exista un resultado del perfil que produzca efectos legales que te afecten significativamente.<\/li><li><strong>Derecho a la portabilidad de datos<\/strong>: tienes derecho a obtener tus Datos personales en un formato legible por m\u00e1quina o si es factible, como una transferencia directa de un Procesador a otro.<\/li><li><strong>Derecho a presentar una queja<\/strong>: en caso de que rechacemos tu solicitud en virtud de los Derechos de acceso, te proporcionaremos un motivo de por qu\u00e9. Si no est\u00e1s satisfecho con la forma en que se ha manejado tu solicitud, cont\u00e1ctanos.<\/li><li><strong>Derecho a la ayuda de la autoridad supervisora<\/strong>, lo que significa que tienes derecho a la ayuda de una autoridad supervisora y el derecho a otros recursos legales, como reclamar da\u00f1os y perjuicios.<\/li><li><strong>Derecho a retirar el consentimiento<\/strong>: tienes derecho a retirar cualquier consentimiento otorgado para el Tratamiento de tus Datos personales.<\/li><\/ol>\n\n\n\n<h3 class=\"wp-block-heading\" id=\"gdpr-information\">&nbsp;<\/h3>\n\n\n\n<h3 class=\"wp-block-heading\">Datos que recopilamos<\/h3>\n\n\n\n<p><strong>Informaci\u00f3n que nos has proporcionado<\/strong><\/p>\n\n\n\n<p>Esta informaci\u00f3n incluye, por ejemplo, tu nombre y direcci\u00f3n de correo electr\u00f3nico que has utilizado para escribir un comentario o cumplimentar un formulario de contacto.<\/p>\n\n\n\n<p><strong>Informaci\u00f3n recopilada autom\u00e1ticamente sobre ti<\/strong><\/p>\n\n\n\n<p>Esto incluye informaci\u00f3n que se almacena autom\u00e1ticamente mediante&nbsp;cookies&nbsp;y otras herramientas de sesi\u00f3n. Por ejemplo, la informaci\u00f3n de tu carrito de compras, tu direcci\u00f3n IP, tu historial de compras (si hay alguna), etc. Esta informaci\u00f3n se utiliza para mejorar tu experiencia como cliente. Cuando utilizas nuestros servicios o miras los contenidos de nuestro sitio web, tus actividades pueden ser registradas.<\/p>\n\n\n\n<p><strong>Informaci\u00f3n p\u00fablicamente disponible<\/strong><\/p>\n\n\n\n<p>Podemos recopilar informaci\u00f3n sobre ti que est\u00e1 disponible p\u00fablicamente.<\/p>\n\n\n\n<h3 class=\"wp-block-heading\" id=\"gdpr-processing\">C\u00f3mo utilizamos tus datos personales<\/h3>\n\n\n\n<p>Podemos utilizar los datos facilitados anteriormente para:<\/p>\n\n\n\n<ul class=\"wp-block-list\"><li>mejorar tu experiencia de usuario a la hora de navegar por nuestra web;<\/li><li>responder a tus comentarios o solicitudes de informaci\u00f3n;<\/li><li>cumplir una obligaci\u00f3n bajo ley o contrato;<\/li><\/ul>\n\n\n\n<p>En cualquier caso, s\u00f3lo utilizamos tu informaci\u00f3n personal de forma leg\u00edtima y\/o con tu consentimiento.<\/p>\n\n\n\n<p>Con tu consentimiento, procesamos tus datos personales para los siguientes prop\u00f3sitos:<\/p>\n\n\n\n<ul class=\"wp-block-list\"><li>para enviarte boletines de noticias y ofertas de campa\u00f1a (de nosotros y \/ o nuestros socios cuidadosamente seleccionados);<\/li><li>para otros fines para los que hayamos pedido tu consentimiento expreso;<\/li><\/ul>\n\n\n\n<p>Procesamos tus Datos Personales para cumplir con las obligaciones derivadas de la ley y\/o&nbsp;para las opciones provistas por la ley. Nos reservamos el derecho de anonimizar los datos personales recopilados y utilizar dichos datos. Usaremos los datos fuera del alcance de esta Pol\u00edtica solo cuando se los anonimice.<\/p>\n\n\n\n<p>Es posible que procesemos tus Datos personales para fines adicionales que no se mencionan aqu\u00ed, pero que son compatibles con el prop\u00f3sito original para el que se recopilaron los datos. Para hacer esto, nos aseguraremos de que:<\/p>\n\n\n\n<ul class=\"wp-block-list\"><li>el enlace entre los prop\u00f3sitos, el contexto y la naturaleza de los datos personales es adecuado para un procesamiento posterior;<\/li><li>el procesamiento posterior no da\u00f1ar\u00e1 tus intereses y<\/li><li>habr\u00eda una salvaguarda apropiada para el procesamiento.<\/li><\/ul>\n\n\n\n<p>Te informaremos sobre cualquier procesamiento posterior y prop\u00f3sitos.<\/p>\n\n\n\n<h3 class=\"wp-block-heading\" id=\"gdpr-sharing\">Qui\u00e9n m\u00e1s puede acceder a sus datos personales<\/h3>\n\n\n\n<p>No compartimos tu informaci\u00f3n personal con terceros, salvo obligaci\u00f3n legal.<\/p>\n\n\n\n<h3 class=\"wp-block-heading\" id=\"gdpr-security\">C\u00f3mo aseguramos tus datos<\/h3>\n\n\n\n<p>Hacemos nuestro mejor esfuerzo para mantener tus datos personales a salvo. Usamos protocolos seguros para la comunicaci\u00f3n y transferencia de datos (como HTTPS). Usamos anonimizaci\u00f3n y seud\u00f3nimo cuando es adecuado. Controlamos nuestros sistemas en busca de posibles vulnerabilidades y ataques.<\/p>\n\n\n\n<p>Aunque hacemos nuestro mejor esfuerzo, no podemos garantizar la seguridad de la informaci\u00f3n. Sin embargo, prometemos notificar a las autoridades adecuadas de las violaciones de datos. Tambi\u00e9n te notificaremos si existe una amenaza a tus derechos o intereses. Haremos todo lo que podamos para evitar infracciones de seguridad y ayudar a las autoridades en caso de que se produzcan infracciones.<\/p>\n\n\n\n<p>Si tienes una cuenta con nosotros, ten en cuenta que debes mantener su nombre de usuario y contrase\u00f1a en secreto.<\/p>\n\n\n\n<h3 class=\"wp-block-heading\">Ni\u00f1os<\/h3>\n\n\n\n<p>No tenemos la intenci\u00f3n de recopilar informaci\u00f3n de ni\u00f1os bajo conocimiento.<\/p>\n\n\n\n<h3 class=\"wp-block-heading\" id=\"gdpr-cookies\">Cookies y otras tecnolog\u00edas que utilizamos<\/h3>\n\n\n\n<p>Utilizamos cookies y\/o tecnolog\u00edas similares para analizar el comportamiento del cliente, administrar el sitio web, seguir los movimientos y recopilar informaci\u00f3n sobre los usuarios. Esto se hace con el fin de personalizar y mejorar tu experiencia con nosotros.<\/p>\n\n\n\n<p>Una cookie es un peque\u00f1o archivo de texto almacenado en tu ordenador. Las cookies almacenan informaci\u00f3n que se utiliza para ayudar a que los sitios funcionen. Solo nosotros podemos acceder a las cookies creadas por nuestro sitio web. Puedes controlar tus cookies en el nivel del navegador. Elegir desactivarlas puede dificultar el uso de ciertas funciones.<\/p>\n\n\n\n<p><strong>Usamos cookies para los siguientes prop\u00f3sitos:<\/strong><\/p>\n\n\n\n<ul class=\"wp-block-list\"><li>Cookies necesarias: estas cookies son necesarias para que puedas utilizar algunas funciones importantes de nuestro sitio web, como el inicio de sesi\u00f3n. Estas cookies no recopilan ninguna informaci\u00f3n personal.<\/li><li>Cookies de funcionalidad: estas cookies brindan una funcionalidad que hace que el uso de nuestro servicio sea m\u00e1s conveniente y permite ofrecer caracter\u00edsticas m\u00e1s personalizadas. Por ejemplo, podr\u00edan recordar tu nombre y correo electr\u00f3nico en formularios de comentarios para que no tengas que volver a ingresar esta informaci\u00f3n la pr\u00f3xima vez al comentar.<\/li><li>Cookies de an\u00e1lisis: estas cookies se utilizan para rastrear el uso y el rendimiento de nuestro sitio web y servicios.<\/li><li>Cookies de publicidad: estas cookies se utilizan para entregar anuncios que son relevantes para ti y sus intereses. Adem\u00e1s, se usan para limitar el n\u00famero de veces que ves un anuncio. Generalmente se colocan en el sitio web mediante redes publicitarias con el permiso del operador del sitio web. Estas cookies recuerdan que has visitado un sitio web y esta informaci\u00f3n se comparte con otras organizaciones, como anunciantes. A menudo, las cookies de orientaci\u00f3n o publicidad se vincular\u00e1n a la funcionalidad del sitio proporcionada por la otra organizaci\u00f3n.<\/li><\/ul>\n\n\n\n<p>Puedes eliminar las cookies almacenadas en tu ordenador a trav\u00e9s de la configuraci\u00f3n de tu navegador. Alternativamente, puedes controlar algunas cookies de terceros utilizando una plataforma de mejora de la privacidad como &nbsp;<a href=\"http:\/\/optout.aboutads.info\/#!\/\" target=\"_blank\" rel=\"noreferrer noopener\">optout.aboutads.info<\/a>&nbsp;o&nbsp;<a href=\"http:\/\/www.youronlinechoices.com\/\" target=\"_blank\" rel=\"noreferrer noopener\">youronlinechoices.com<\/a>.&nbsp;Para obtener m\u00e1s informaci\u00f3n sobre las cookies, visita&nbsp;<a href=\"http:\/\/www.allaboutcookies.org\/\" target=\"_blank\" rel=\"noreferrer noopener\">allaboutcookies.org<\/a>.<\/p>\n\n\n\n<p>Usamos Google Analytics para medir el tr\u00e1fico en nuestro sitio web. Google tiene su propia Pol\u00edtica de privacidad que puedes revisar&nbsp;<a href=\"https:\/\/support.google.com\/analytics\/answer\/6004245\" target=\"_blank\" rel=\"noreferrer noopener\">aqu\u00ed<\/a>.&nbsp;Si no deseas el seguimiento de Google Analytics, visita&nbsp;<a href=\"https:\/\/tools.google.com\/dlpage\/gaoptout\" target=\"_blank\" rel=\"noreferrer noopener\">Google Analytics opt-out page<\/a>.<\/p>\n\n\n\n<h3 class=\"wp-block-heading\" id=\"gdpr-contact\">Informaci\u00f3n de contacto<\/h3>\n\n\n\n<p><em>Para ejercer cualquiera de los derechos mencionados anteriormente, debes ponerte en contacto con nosotros desde el mismo email registrado en esta web a la siguiente direcci\u00f3n&nbsp;info@artsolutions4all.com<\/em><\/p>\n\n\n\n<h3 class=\"wp-block-heading\" id=\"gdpr-changes\">Cambios a esta pol\u00edtica de privacidad<\/h3>\n\n\n\n<p>Nos reservamos el derecho de hacer cambios a esta Pol\u00edtica de Privacidad.<br>\u00daltima modificaci\u00f3n fue realizada el 25 de Agosto de 2020.<\/p>\n<!-- sktbuilder starter --><script type=\"text\/javascript\" src=\"https:\/\/artsolutions4all.com\/wp-content\/plugins\/skt-builder\/sktbuilder\/sktbuilder-frontend-starter.js\"><\/script><script type=\"text\/javascript\" src=\"https:\/\/artsolutions4all.com\/wp-content\/plugins\/skt-builder\/sktbuilder-wordpress-driver.js\"><\/script><script type=\"text\/javascript\"> var starter = new SktbuilderStarter({\"mode\": \"prod\", \"skip\":[\"jquery\",\"underscore\",\"backbone\"],\"sktbuilderUrl\": \"https:\/\/artsolutions4all.com\/wp-content\/plugins\/skt-builder\/sktbuilder\/\", \"driver\": new SktbuilderWordpressDriver({\"ajaxUrl\": \"https:\/\/artsolutions4all.com\/wp-admin\/admin-ajax.php\", \"iframeUrl\": \"https:\/\/artsolutions4all.com\/index.php\/politica-privacidad\/?sktbuilder=true\", \"pageId\": 2622,  \"nonce\": \"97e4050bd8\", \"pages\": [{\"title\":\"Gallery\",\"url\":\"https:\\\/\\\/artsolutions4all.com\\\/wp-admin\\\/post.php?post=123&action=sktbuilder\"},{\"title\":\"Home\",\"url\":\"https:\\\/\\\/artsolutions4all.com\\\/wp-admin\\\/post.php?post=1665&action=sktbuilder\"},{\"title\":\"Services\",\"url\":\"https:\\\/\\\/artsolutions4all.com\\\/wp-admin\\\/post.php?post=1963&action=sktbuilder\"},{\"title\":\"Inicio\",\"url\":\"https:\\\/\\\/artsolutions4all.com\\\/wp-admin\\\/post.php?post=2295&action=sktbuilder\"},{\"title\":\"Servicios\",\"url\":\"https:\\\/\\\/artsolutions4all.com\\\/wp-admin\\\/post.php?post=2323&action=sktbuilder\"}], \"page\": \"Politica de Privacidad\" }) });<\/script><!-- end sktbuilder starter -->","protected":false},"excerpt":{"rendered":"<p>ArtSolutions4all.com se compromete a salvaguardar tu privacidad. Cont\u00e1ctanos si tienes alguna pregunta o problema con respecto al uso de tus datos personales y con gusto te atenderemos.Al usar este sitio y \/ o nuestros servicios, aceptas el procesamiento de tus datos personales como se describe en esta Pol\u00edtica de Privacidad. Definiciones Datos Personales\u00a0\u2013 Nombre, usuario<br \/><a class=\"moretag\" href=\"https:\/\/artsolutions4all.com\/index.php\/politica-privacidad\/\">+ Read More<\/a><\/p>\n","protected":false},"author":3,"featured_media":2115,"parent":0,"menu_order":0,"comment_status":"closed","ping_status":"closed","template":"templates\/page-nosidebar_template.php","meta":{"footnotes":""},"class_list":["post-2622","page","type-page","status-publish","has-post-thumbnail","hentry"],"_links":{"self":[{"href":"https:\/\/artsolutions4all.com\/index.php\/wp-json\/wp\/v2\/pages\/2622","targetHints":{"allow":["GET"]}}],"collection":[{"href":"https:\/\/artsolutions4all.com\/index.php\/wp-json\/wp\/v2\/pages"}],"about":[{"href":"https:\/\/artsolutions4all.com\/index.php\/wp-json\/wp\/v2\/types\/page"}],"author":[{"embeddable":true,"href":"https:\/\/artsolutions4all.com\/index.php\/wp-json\/wp\/v2\/users\/3"}],"replies":[{"embeddable":true,"href":"https:\/\/artsolutions4all.com\/index.php\/wp-json\/wp\/v2\/comments?post=2622"}],"version-history":[{"count":1,"href":"https:\/\/artsolutions4all.com\/index.php\/wp-json\/wp\/v2\/pages\/2622\/revisions"}],"predecessor-version":[{"id":2623,"href":"https:\/\/artsolutions4all.com\/index.php\/wp-json\/wp\/v2\/pages\/2622\/revisions\/2623"}],"wp:featuredmedia":[{"embeddable":true,"href":"https:\/\/artsolutions4all.com\/index.php\/wp-json\/wp\/v2\/media\/2115"}],"wp:attachment":[{"href":"https:\/\/artsolutions4all.com\/index.php\/wp-json\/wp\/v2\/media?parent=2622"}],"curies":[{"name":"wp","href":"https:\/\/api.w.org\/{rel}","templated":true}]}}