{"id":2331,"date":"2020-08-04T02:08:36","date_gmt":"2020-08-04T02:08:36","guid":{"rendered":"https:\/\/artsolutions4all.com\/?page_id=2331"},"modified":"2020-12-04T15:06:26","modified_gmt":"2020-12-04T15:06:26","slug":"galeria","status":"publish","type":"page","link":"https:\/\/artsolutions4all.com\/index.php\/galeria\/","title":{"rendered":"Galer\u00eda"},"content":{"rendered":"<div id=\"skt-builder-logo-carousel-block-368\" class=\"skt-builder-block-wrapper skt-builder-logo-carousel-block skt-builder-logo-carousel-block-368\" style=\"background-color: #ffffff; background-image: url(); padding-bottom: 50px; padding-top: 60px; \">\r\n\t<div class=\"skt-builder-block-inner skt-builder-block-inner-368\" style=\"\">\r\n\t\t<div class=\"skt-builder-container\">\r\n\t\t\t\t<div class=\"skt-builder-block-title\">\r\n\t\t\t\t\t<h2 style=\"color: #282828; text-align: left;\">Proyecto de Plomer\u00eda<\/h2>\r\n\t\t\t\t<\/div>\r\n                <div class=\"skt-builder-block-description\"><p><br><\/p><\/div>\r\n\t\t\t<style>\r\n\t\t\t\t.skt-builder-carousel.owl-carousel-368 .owl-nav{font-size: 40px; text-align: right;}\r\n\t\t\t\t.skt-builder-carousel.owl-carousel-368 .owl-prev{color: #000000 !important; margin-right: 15px;}\r\n\t\t\t\t.skt-builder-carousel.owl-carousel-368 .owl-next{color: #000000 !important;}\r\n\t\t\t\t.skt-builder-carousel.owl-carousel-368 .owl-prev:hover, .skt-builder-carousel.owl-carousel-368 .owl-next:hover{color: #A2A2A2 !important;}\r\n\t\t\t\t.skt-builder-carousel.owl-carousel-368 .owl-dots{text-align: center;}\r\n\t\t\t\t.skt-builder-carousel.owl-carousel-368 .owl-dots .owl-dot{background-color: #FFFFFF; border-color: #000000;}\r\n\t\t\t\t.skt-builder-carousel.owl-carousel-368 .owl-dots .owl-dot.active{background-color: #f3cc23; border-color: #f3cc23;}\r\n\t\t\t<\/style>\r\n\t\t\t<div class=\"skt-builder-carousel skt-builder-carousel-bullets-style2 owl-carousel-builder owl-carousel-368\" style=\"padding-top: 60px;\">\r\n\t\t\t\t\t<div class=\"item\">\r\n\t\t\t\t\t\t\t\r\n\t\t\t\t\t\t\t<img decoding=\"async\" src=\"http:\/\/artsolutions4all.com\/wp-content\/uploads\/2020\/07\/1-3.jpg\">\r\n\t\t\t\t\t\t\t\r\n\t\t\t\t\t<\/div>\r\n\t\t\t\t\t<div class=\"item\">\r\n\t\t\t\t\t\t\t\r\n\t\t\t\t\t\t\t<img decoding=\"async\" src=\"http:\/\/artsolutions4all.com\/wp-content\/uploads\/2020\/07\/2-1.jpg\">\r\n\t\t\t\t\t\t\t\r\n\t\t\t\t\t<\/div>\r\n\t\t\t\t\t<div class=\"item\">\r\n\t\t\t\t\t\t\t\r\n\t\t\t\t\t\t\t<img decoding=\"async\" src=\"http:\/\/artsolutions4all.com\/wp-content\/uploads\/2020\/07\/3-1.jpg\">\r\n\t\t\t\t\t\t\t\r\n\t\t\t\t\t<\/div>\r\n\t\t\t\t\t<div class=\"item\">\r\n\t\t\t\t\t\t\t\r\n\t\t\t\t\t\t\t<img decoding=\"async\" src=\"http:\/\/artsolutions4all.com\/wp-content\/uploads\/2020\/07\/4-1.jpg\">\r\n\t\t\t\t\t\t\t\r\n\t\t\t\t\t<\/div>\r\n\t\t\t\t\t<div class=\"item\">\r\n\t\t\t\t\t\t\t\r\n\t\t\t\t\t\t\t<img decoding=\"async\" src=\"http:\/\/artsolutions4all.com\/wp-content\/uploads\/2020\/07\/5-1.jpg\">\r\n\t\t\t\t\t\t\t\r\n\t\t\t\t\t<\/div>\r\n\t\t\t\t\t<div class=\"item\">\r\n\t\t\t\t\t\t\t\r\n\t\t\t\t\t\t\t<img decoding=\"async\" src=\"http:\/\/artsolutions4all.com\/wp-content\/uploads\/2020\/07\/6-1.jpg\">\r\n\t\t\t\t\t\t\t\r\n\t\t\t\t\t<\/div>\r\n\t\t\t\t\t<div class=\"item\">\r\n\t\t\t\t\t\t\t\r\n\t\t\t\t\t\t\t<img decoding=\"async\" src=\"http:\/\/artsolutions4all.com\/wp-content\/uploads\/2020\/07\/7-1.jpg\">\r\n\t\t\t\t\t\t\t\r\n\t\t\t\t\t<\/div>\r\n\t\t\t\t\t<div class=\"item\">\r\n\t\t\t\t\t\t\t\r\n\t\t\t\t\t\t\t<img decoding=\"async\" src=\"http:\/\/artsolutions4all.com\/wp-content\/uploads\/2020\/07\/8-1.jpg\">\r\n\t\t\t\t\t\t\t\r\n\t\t\t\t\t<\/div>\r\n\t\t\t\t\t<div class=\"item\">\r\n\t\t\t\t\t\t\t\r\n\t\t\t\t\t\t\t<img decoding=\"async\" src=\"http:\/\/artsolutions4all.com\/wp-content\/uploads\/2020\/07\/9-1.jpg\">\r\n\t\t\t\t\t\t\t\r\n\t\t\t\t\t<\/div>\r\n\t\t\t\t\t<div class=\"item\">\r\n\t\t\t\t\t\t\t\r\n\t\t\t\t\t\t\t<img decoding=\"async\" src=\"http:\/\/artsolutions4all.com\/wp-content\/uploads\/2020\/07\/10-1.jpg\">\r\n\t\t\t\t\t\t\t\r\n\t\t\t\t\t<\/div>\r\n\t\t\t\t\t<div class=\"item\">\r\n\t\t\t\t\t\t\t\r\n\t\t\t\t\t\t\t<img decoding=\"async\" src=\"http:\/\/artsolutions4all.com\/wp-content\/uploads\/2020\/07\/11-1.jpg\">\r\n\t\t\t\t\t\t\t\r\n\t\t\t\t\t<\/div>\r\n\t\t\t\t\t<div class=\"item\">\r\n\t\t\t\t\t\t\t\r\n\t\t\t\t\t\t\t<img decoding=\"async\" src=\"http:\/\/artsolutions4all.com\/wp-content\/uploads\/2020\/07\/12-1.jpg\">\r\n\t\t\t\t\t\t\t\r\n\t\t\t\t\t<\/div>\r\n\t\t\t\t\t<div class=\"item\">\r\n\t\t\t\t\t\t\t\r\n\t\t\t\t\t\t\t<img decoding=\"async\" src=\"http:\/\/artsolutions4all.com\/wp-content\/uploads\/2020\/07\/13.jpg\">\r\n\t\t\t\t\t\t\t\r\n\t\t\t\t\t<\/div>\r\n\t\t\t\t\t<div class=\"item\">\r\n\t\t\t\t\t\t\t\r\n\t\t\t\t\t\t\t<img decoding=\"async\" src=\"http:\/\/artsolutions4all.com\/wp-content\/uploads\/2020\/07\/14.jpg\">\r\n\t\t\t\t\t\t\t\r\n\t\t\t\t\t<\/div>\r\n\t\t\t\t\t<div class=\"item\">\r\n\t\t\t\t\t\t\t\r\n\t\t\t\t\t\t\t<img decoding=\"async\" src=\"http:\/\/artsolutions4all.com\/wp-content\/uploads\/2020\/07\/15.jpg\">\r\n\t\t\t\t\t\t\t\r\n\t\t\t\t\t<\/div>\r\n\t\t\t\t\t<div class=\"item\">\r\n\t\t\t\t\t\t\t\r\n\t\t\t\t\t\t\t<img decoding=\"async\" src=\"http:\/\/artsolutions4all.com\/wp-content\/uploads\/2020\/07\/16.jpg\">\r\n\t\t\t\t\t\t\t\r\n\t\t\t\t\t<\/div>\r\n\t\t\t\t\t<div class=\"item\">\r\n\t\t\t\t\t\t\t\r\n\t\t\t\t\t\t\t<img decoding=\"async\" src=\"http:\/\/artsolutions4all.com\/wp-content\/uploads\/2020\/07\/17.jpg\">\r\n\t\t\t\t\t\t\t\r\n\t\t\t\t\t<\/div>\r\n\t\t\t\t\t<div class=\"item\">\r\n\t\t\t\t\t\t\t\r\n\t\t\t\t\t\t\t<img decoding=\"async\" src=\"http:\/\/artsolutions4all.com\/wp-content\/uploads\/2020\/07\/18.jpg\">\r\n\t\t\t\t\t\t\t\r\n\t\t\t\t\t<\/div>\r\n\t\t\t\t\t<div class=\"item\">\r\n\t\t\t\t\t\t\t\r\n\t\t\t\t\t\t\t<img decoding=\"async\" src=\"http:\/\/artsolutions4all.com\/wp-content\/uploads\/2020\/07\/19.jpg\">\r\n\t\t\t\t\t\t\t\r\n\t\t\t\t\t<\/div>\r\n\t\t\t\t\t<div class=\"item\">\r\n\t\t\t\t\t\t\t\r\n\t\t\t\t\t\t\t<img decoding=\"async\" src=\"http:\/\/artsolutions4all.com\/wp-content\/uploads\/2020\/07\/20.jpg\">\r\n\t\t\t\t\t\t\t\r\n\t\t\t\t\t<\/div>\r\n\t\t\t\t\t<div class=\"item\">\r\n\t\t\t\t\t\t\t\r\n\t\t\t\t\t\t\t<img decoding=\"async\" src=\"http:\/\/artsolutions4all.com\/wp-content\/uploads\/2020\/07\/21.jpg\">\r\n\t\t\t\t\t\t\t\r\n\t\t\t\t\t<\/div>\r\n\t\t\t\t\t<div class=\"item\">\r\n\t\t\t\t\t\t\t\r\n\t\t\t\t\t\t\t<img decoding=\"async\" src=\"http:\/\/artsolutions4all.com\/wp-content\/uploads\/2020\/07\/Portada-1.jpg\">\r\n\t\t\t\t\t\t\t\r\n\t\t\t\t\t<\/div>\r\n\t\t\t<\/div>\r\n\t\t<\/div>\r\n\t<\/div>\r\n<\/div>\r\n\r\n<script>\r\njQuery(document).ready(function() {\r\n  jQuery('.owl-carousel-368').owlCarousel({\r\n\tmargin: 20,\r\n\tautoplayTimeout: 3000,\r\n\tsmartSpeed: 500,\r\n\tloop: true,\r\n\tautoplay: true,\r\n\tautoplayHoverPause: true,\r\n\tnav: true,\r\n\tdots: true,\r\n\tnavText: ['<span class=\"fa fa-angle-left\"><\/span>','<span class=\"fa fa-angle-right\"><\/span>'],\r\n\tresponsiveClass: true,\r\n\tresponsive:{\r\n        0:{\r\n            items: 1,\r\n        },\r\n        600:{\r\n            items: 2,\r\n        },\r\n        1000:{\r\n            items: 4,\r\n        }\r\n    }\r\n  });\r\n});\r\n<\/script><div id=\"skt-builder-logo-carousel-block-661\" class=\"skt-builder-block-wrapper skt-builder-logo-carousel-block skt-builder-logo-carousel-block-661\" style=\"background-color: #ffffff; background-image: url(); padding-bottom: 50px; padding-top: 60px; \">\r\n\t<div class=\"skt-builder-block-inner skt-builder-block-inner-661\" style=\"\">\r\n\t\t<div class=\"skt-builder-container\">\r\n\t\t\t\t<div class=\"skt-builder-block-title\">\r\n\t\t\t\t\t<h2 style=\"color: #282828; text-align: left;\">Proyecto de Reparaciones Mayores y Menores<\/h2>\r\n\t\t\t\t<\/div>\r\n                <div class=\"skt-builder-block-description\"><p><br><\/p><\/div>\r\n\t\t\t<style>\r\n\t\t\t\t.skt-builder-carousel.owl-carousel-661 .owl-nav{font-size: 40px; text-align: right;}\r\n\t\t\t\t.skt-builder-carousel.owl-carousel-661 .owl-prev{color: #000000 !important; margin-right: 15px;}\r\n\t\t\t\t.skt-builder-carousel.owl-carousel-661 .owl-next{color: #000000 !important;}\r\n\t\t\t\t.skt-builder-carousel.owl-carousel-661 .owl-prev:hover, .skt-builder-carousel.owl-carousel-661 .owl-next:hover{color: #A2A2A2 !important;}\r\n\t\t\t\t.skt-builder-carousel.owl-carousel-661 .owl-dots{text-align: center;}\r\n\t\t\t\t.skt-builder-carousel.owl-carousel-661 .owl-dots .owl-dot{background-color: #FFFFFF; border-color: #000000;}\r\n\t\t\t\t.skt-builder-carousel.owl-carousel-661 .owl-dots .owl-dot.active{background-color: #f3cc23; border-color: #f3cc23;}\r\n\t\t\t<\/style>\r\n\t\t\t<div class=\"skt-builder-carousel skt-builder-carousel-bullets-style2 owl-carousel-builder owl-carousel-661\" style=\"padding-top: 60px;\">\r\n\t\t\t\t\t<div class=\"item\">\r\n\t\t\t\t\t\t\t\r\n\t\t\t\t\t\t\t<img decoding=\"async\" src=\"http:\/\/artsolutions4all.com\/wp-content\/uploads\/2020\/07\/1-4.jpg\">\r\n\t\t\t\t\t\t\t\r\n\t\t\t\t\t<\/div>\r\n\t\t\t\t\t<div class=\"item\">\r\n\t\t\t\t\t\t\t\r\n\t\t\t\t\t\t\t<img decoding=\"async\" src=\"http:\/\/artsolutions4all.com\/wp-content\/uploads\/2020\/07\/2-2.jpg\">\r\n\t\t\t\t\t\t\t\r\n\t\t\t\t\t<\/div>\r\n\t\t\t\t\t<div class=\"item\">\r\n\t\t\t\t\t\t\t\r\n\t\t\t\t\t\t\t<img decoding=\"async\" src=\"http:\/\/artsolutions4all.com\/wp-content\/uploads\/2020\/07\/3-2.jpg\">\r\n\t\t\t\t\t\t\t\r\n\t\t\t\t\t<\/div>\r\n\t\t\t\t\t<div class=\"item\">\r\n\t\t\t\t\t\t\t\r\n\t\t\t\t\t\t\t<img decoding=\"async\" src=\"http:\/\/artsolutions4all.com\/wp-content\/uploads\/2020\/07\/4-2.jpg\">\r\n\t\t\t\t\t\t\t\r\n\t\t\t\t\t<\/div>\r\n\t\t\t\t\t<div class=\"item\">\r\n\t\t\t\t\t\t\t\r\n\t\t\t\t\t\t\t<img decoding=\"async\" src=\"http:\/\/artsolutions4all.com\/wp-content\/uploads\/2020\/07\/5-2.jpg\">\r\n\t\t\t\t\t\t\t\r\n\t\t\t\t\t<\/div>\r\n\t\t\t\t\t<div class=\"item\">\r\n\t\t\t\t\t\t\t\r\n\t\t\t\t\t\t\t<img decoding=\"async\" src=\"http:\/\/artsolutions4all.com\/wp-content\/uploads\/2020\/07\/6-2.jpg\">\r\n\t\t\t\t\t\t\t\r\n\t\t\t\t\t<\/div>\r\n\t\t\t\t\t<div class=\"item\">\r\n\t\t\t\t\t\t\t\r\n\t\t\t\t\t\t\t<img decoding=\"async\" src=\"http:\/\/artsolutions4all.com\/wp-content\/uploads\/2020\/07\/7-2.jpg\">\r\n\t\t\t\t\t\t\t\r\n\t\t\t\t\t<\/div>\r\n\t\t\t\t\t<div class=\"item\">\r\n\t\t\t\t\t\t\t\r\n\t\t\t\t\t\t\t<img decoding=\"async\" src=\"http:\/\/artsolutions4all.com\/wp-content\/uploads\/2020\/07\/Portada-2.jpg\">\r\n\t\t\t\t\t\t\t\r\n\t\t\t\t\t<\/div>\r\n\t\t\t<\/div>\r\n\t\t<\/div>\r\n\t<\/div>\r\n<\/div>\r\n\r\n<script>\r\njQuery(document).ready(function() {\r\n  jQuery('.owl-carousel-661').owlCarousel({\r\n\tmargin: 20,\r\n\tautoplayTimeout: 3000,\r\n\tsmartSpeed: 500,\r\n\tloop: true,\r\n\tautoplay: true,\r\n\tautoplayHoverPause: true,\r\n\tnav: true,\r\n\tdots: true,\r\n\tnavText: ['<span class=\"fa fa-angle-left\"><\/span>','<span class=\"fa fa-angle-right\"><\/span>'],\r\n\tresponsiveClass: true,\r\n\tresponsive:{\r\n        0:{\r\n            items: 1,\r\n        },\r\n        600:{\r\n            items: 2,\r\n        },\r\n        1000:{\r\n            items: 4,\r\n        }\r\n    }\r\n  });\r\n});\r\n<\/script><div id=\"skt-builder-logo-carousel-block-814\" class=\"skt-builder-block-wrapper skt-builder-logo-carousel-block skt-builder-logo-carousel-block-814\" style=\"background-color: #ffffff; background-image: url(); padding-bottom: 50px; padding-top: 60px; \">\r\n\t<div class=\"skt-builder-block-inner skt-builder-block-inner-814\" style=\"\">\r\n\t\t<div class=\"skt-builder-container\">\r\n\t\t\t\t<div class=\"skt-builder-block-title\">\r\n\t\t\t\t\t<h2 style=\"color: #282828; text-align: left;\">Proyecto de Restauraci\u00f3n de Vivienda Residencial<\/h2>\r\n\t\t\t\t<\/div>\r\n                <div class=\"skt-builder-block-description\"><p><br><\/p><\/div>\r\n\t\t\t<style>\r\n\t\t\t\t.skt-builder-carousel.owl-carousel-814 .owl-nav{font-size: 40px; text-align: right;}\r\n\t\t\t\t.skt-builder-carousel.owl-carousel-814 .owl-prev{color: #000000 !important; margin-right: 15px;}\r\n\t\t\t\t.skt-builder-carousel.owl-carousel-814 .owl-next{color: #000000 !important;}\r\n\t\t\t\t.skt-builder-carousel.owl-carousel-814 .owl-prev:hover, .skt-builder-carousel.owl-carousel-814 .owl-next:hover{color: #A2A2A2 !important;}\r\n\t\t\t\t.skt-builder-carousel.owl-carousel-814 .owl-dots{text-align: center;}\r\n\t\t\t\t.skt-builder-carousel.owl-carousel-814 .owl-dots .owl-dot{background-color: #FFFFFF; border-color: #000000;}\r\n\t\t\t\t.skt-builder-carousel.owl-carousel-814 .owl-dots .owl-dot.active{background-color: #f3cc23; border-color: #f3cc23;}\r\n\t\t\t<\/style>\r\n\t\t\t<div class=\"skt-builder-carousel skt-builder-carousel-bullets-style2 owl-carousel-builder owl-carousel-814\" style=\"padding-top: 60px;\">\r\n\t\t\t\t\t<div class=\"item\">\r\n\t\t\t\t\t\t\t\r\n\t\t\t\t\t\t\t<img decoding=\"async\" src=\"http:\/\/artsolutions4all.com\/wp-content\/uploads\/2020\/07\/1-5.jpg\">\r\n\t\t\t\t\t\t\t\r\n\t\t\t\t\t<\/div>\r\n\t\t\t\t\t<div class=\"item\">\r\n\t\t\t\t\t\t\t\r\n\t\t\t\t\t\t\t<img decoding=\"async\" src=\"http:\/\/artsolutions4all.com\/wp-content\/uploads\/2020\/07\/2-3.jpg\">\r\n\t\t\t\t\t\t\t\r\n\t\t\t\t\t<\/div>\r\n\t\t\t\t\t<div class=\"item\">\r\n\t\t\t\t\t\t\t\r\n\t\t\t\t\t\t\t<img decoding=\"async\" src=\"http:\/\/artsolutions4all.com\/wp-content\/uploads\/2020\/07\/3-3.jpg\">\r\n\t\t\t\t\t\t\t\r\n\t\t\t\t\t<\/div>\r\n\t\t\t\t\t<div class=\"item\">\r\n\t\t\t\t\t\t\t\r\n\t\t\t\t\t\t\t<img decoding=\"async\" src=\"http:\/\/artsolutions4all.com\/wp-content\/uploads\/2020\/07\/4-3.jpg\">\r\n\t\t\t\t\t\t\t\r\n\t\t\t\t\t<\/div>\r\n\t\t\t\t\t<div class=\"item\">\r\n\t\t\t\t\t\t\t\r\n\t\t\t\t\t\t\t<img decoding=\"async\" src=\"http:\/\/artsolutions4all.com\/wp-content\/uploads\/2020\/07\/5-3.jpg\">\r\n\t\t\t\t\t\t\t\r\n\t\t\t\t\t<\/div>\r\n\t\t\t\t\t<div class=\"item\">\r\n\t\t\t\t\t\t\t\r\n\t\t\t\t\t\t\t<img decoding=\"async\" src=\"http:\/\/artsolutions4all.com\/wp-content\/uploads\/2020\/07\/6-3.jpg\">\r\n\t\t\t\t\t\t\t\r\n\t\t\t\t\t<\/div>\r\n\t\t\t\t\t<div class=\"item\">\r\n\t\t\t\t\t\t\t\r\n\t\t\t\t\t\t\t<img decoding=\"async\" src=\"http:\/\/artsolutions4all.com\/wp-content\/uploads\/2020\/07\/7-3.jpg\">\r\n\t\t\t\t\t\t\t\r\n\t\t\t\t\t<\/div>\r\n\t\t\t\t\t<div class=\"item\">\r\n\t\t\t\t\t\t\t\r\n\t\t\t\t\t\t\t<img decoding=\"async\" src=\"http:\/\/artsolutions4all.com\/wp-content\/uploads\/2020\/07\/8-2.jpg\">\r\n\t\t\t\t\t\t\t\r\n\t\t\t\t\t<\/div>\r\n\t\t\t\t\t<div class=\"item\">\r\n\t\t\t\t\t\t\t\r\n\t\t\t\t\t\t\t<img decoding=\"async\" src=\"http:\/\/artsolutions4all.com\/wp-content\/uploads\/2020\/07\/9-2.jpg\">\r\n\t\t\t\t\t\t\t\r\n\t\t\t\t\t<\/div>\r\n\t\t\t\t\t<div class=\"item\">\r\n\t\t\t\t\t\t\t\r\n\t\t\t\t\t\t\t<img decoding=\"async\" src=\"http:\/\/artsolutions4all.com\/wp-content\/uploads\/2020\/07\/10-2.jpg\">\r\n\t\t\t\t\t\t\t\r\n\t\t\t\t\t<\/div>\r\n\t\t\t\t\t<div class=\"item\">\r\n\t\t\t\t\t\t\t\r\n\t\t\t\t\t\t\t<img decoding=\"async\" src=\"http:\/\/artsolutions4all.com\/wp-content\/uploads\/2020\/07\/11-2.jpg\">\r\n\t\t\t\t\t\t\t\r\n\t\t\t\t\t<\/div>\r\n\t\t\t\t\t<div class=\"item\">\r\n\t\t\t\t\t\t\t\r\n\t\t\t\t\t\t\t<img decoding=\"async\" src=\"http:\/\/artsolutions4all.com\/wp-content\/uploads\/2020\/07\/12-2.jpg\">\r\n\t\t\t\t\t\t\t\r\n\t\t\t\t\t<\/div>\r\n\t\t\t\t\t<div class=\"item\">\r\n\t\t\t\t\t\t\t\r\n\t\t\t\t\t\t\t<img decoding=\"async\" src=\"http:\/\/artsolutions4all.com\/wp-content\/uploads\/2020\/07\/13-1.jpg\">\r\n\t\t\t\t\t\t\t\r\n\t\t\t\t\t<\/div>\r\n\t\t\t\t\t<div class=\"item\">\r\n\t\t\t\t\t\t\t\r\n\t\t\t\t\t\t\t<img decoding=\"async\" src=\"http:\/\/artsolutions4all.com\/wp-content\/uploads\/2020\/07\/14-1.jpg\">\r\n\t\t\t\t\t\t\t\r\n\t\t\t\t\t<\/div>\r\n\t\t\t\t\t<div class=\"item\">\r\n\t\t\t\t\t\t\t\r\n\t\t\t\t\t\t\t<img decoding=\"async\" src=\"http:\/\/artsolutions4all.com\/wp-content\/uploads\/2020\/07\/15-1.jpg\">\r\n\t\t\t\t\t\t\t\r\n\t\t\t\t\t<\/div>\r\n\t\t\t\t\t<div class=\"item\">\r\n\t\t\t\t\t\t\t\r\n\t\t\t\t\t\t\t<img decoding=\"async\" src=\"http:\/\/artsolutions4all.com\/wp-content\/uploads\/2020\/07\/16-1.jpg\">\r\n\t\t\t\t\t\t\t\r\n\t\t\t\t\t<\/div>\r\n\t\t\t\t\t<div class=\"item\">\r\n\t\t\t\t\t\t\t\r\n\t\t\t\t\t\t\t<img decoding=\"async\" src=\"https:\/\/artsolutions4all.com\/wp-content\/uploads\/2020\/08\/20-2.jpg\">\r\n\t\t\t\t\t\t\t\r\n\t\t\t\t\t<\/div>\r\n\t\t\t\t\t<div class=\"item\">\r\n\t\t\t\t\t\t\t\r\n\t\t\t\t\t\t\t<img decoding=\"async\" src=\"https:\/\/artsolutions4all.com\/wp-content\/uploads\/2020\/08\/21-1.jpg\">\r\n\t\t\t\t\t\t\t\r\n\t\t\t\t\t<\/div>\r\n\t\t\t\t\t<div class=\"item\">\r\n\t\t\t\t\t\t\t\r\n\t\t\t\t\t\t\t<img decoding=\"async\" src=\"https:\/\/artsolutions4all.com\/wp-content\/uploads\/2020\/08\/22-1.jpg\">\r\n\t\t\t\t\t\t\t\r\n\t\t\t\t\t<\/div>\r\n\t\t\t\t\t<div class=\"item\">\r\n\t\t\t\t\t\t\t\r\n\t\t\t\t\t\t\t<img decoding=\"async\" src=\"https:\/\/artsolutions4all.com\/wp-content\/uploads\/2020\/08\/23-1.jpg\">\r\n\t\t\t\t\t\t\t\r\n\t\t\t\t\t<\/div>\r\n\t\t\t\t\t<div class=\"item\">\r\n\t\t\t\t\t\t\t\r\n\t\t\t\t\t\t\t<img decoding=\"async\" src=\"https:\/\/artsolutions4all.com\/wp-content\/uploads\/2020\/08\/17-1.jpg\">\r\n\t\t\t\t\t\t\t\r\n\t\t\t\t\t<\/div>\r\n\t\t\t\t\t<div class=\"item\">\r\n\t\t\t\t\t\t\t\r\n\t\t\t\t\t\t\t<img decoding=\"async\" src=\"https:\/\/artsolutions4all.com\/wp-content\/uploads\/2020\/08\/18-1.jpg\">\r\n\t\t\t\t\t\t\t\r\n\t\t\t\t\t<\/div>\r\n\t\t\t\t\t<div class=\"item\">\r\n\t\t\t\t\t\t\t\r\n\t\t\t\t\t\t\t<img decoding=\"async\" src=\"https:\/\/artsolutions4all.com\/wp-content\/uploads\/2020\/08\/19-2.jpg\">\r\n\t\t\t\t\t\t\t\r\n\t\t\t\t\t<\/div>\r\n\t\t\t\t\t<div class=\"item\">\r\n\t\t\t\t\t\t\t\r\n\t\t\t\t\t\t\t<img decoding=\"async\" src=\"https:\/\/artsolutions4all.com\/wp-content\/uploads\/2020\/08\/24-1.jpg\">\r\n\t\t\t\t\t\t\t\r\n\t\t\t\t\t<\/div>\r\n\t\t\t\t\t<div class=\"item\">\r\n\t\t\t\t\t\t\t\r\n\t\t\t\t\t\t\t<img decoding=\"async\" src=\"https:\/\/artsolutions4all.com\/wp-content\/uploads\/2020\/08\/25-1.jpg\">\r\n\t\t\t\t\t\t\t\r\n\t\t\t\t\t<\/div>\r\n\t\t\t\t\t<div class=\"item\">\r\n\t\t\t\t\t\t\t\r\n\t\t\t\t\t\t\t<img decoding=\"async\" src=\"https:\/\/artsolutions4all.com\/wp-content\/uploads\/2020\/08\/26-1.jpg\">\r\n\t\t\t\t\t\t\t\r\n\t\t\t\t\t<\/div>\r\n\t\t\t\t\t<div class=\"item\">\r\n\t\t\t\t\t\t\t\r\n\t\t\t\t\t\t\t<img decoding=\"async\" src=\"https:\/\/artsolutions4all.com\/wp-content\/uploads\/2020\/08\/27-2.jpg\">\r\n\t\t\t\t\t\t\t\r\n\t\t\t\t\t<\/div>\r\n\t\t\t\t\t<div class=\"item\">\r\n\t\t\t\t\t\t\t\r\n\t\t\t\t\t\t\t<img decoding=\"async\" src=\"https:\/\/artsolutions4all.com\/wp-content\/uploads\/2020\/08\/28-2.jpg\">\r\n\t\t\t\t\t\t\t\r\n\t\t\t\t\t<\/div>\r\n\t\t\t\t\t<div class=\"item\">\r\n\t\t\t\t\t\t\t\r\n\t\t\t\t\t\t\t<img decoding=\"async\" src=\"https:\/\/artsolutions4all.com\/wp-content\/uploads\/2020\/08\/Portada-3.jpg\">\r\n\t\t\t\t\t\t\t\r\n\t\t\t\t\t<\/div>\r\n\t\t\t<\/div>\r\n\t\t<\/div>\r\n\t<\/div>\r\n<\/div>\r\n\r\n<script>\r\njQuery(document).ready(function() {\r\n  jQuery('.owl-carousel-814').owlCarousel({\r\n\tmargin: 20,\r\n\tautoplayTimeout: 3000,\r\n\tsmartSpeed: 500,\r\n\tloop: true,\r\n\tautoplay: true,\r\n\tautoplayHoverPause: true,\r\n\tnav: true,\r\n\tdots: true,\r\n\tnavText: ['<span class=\"fa fa-angle-left\"><\/span>','<span class=\"fa fa-angle-right\"><\/span>'],\r\n\tresponsiveClass: true,\r\n\tresponsive:{\r\n        0:{\r\n            items: 1,\r\n        },\r\n        600:{\r\n            items: 2,\r\n        },\r\n        1000:{\r\n            items: 4,\r\n        }\r\n    }\r\n  });\r\n});\r\n<\/script><div id=\"skt-builder-logo-carousel-block-778\" class=\"skt-builder-block-wrapper skt-builder-logo-carousel-block skt-builder-logo-carousel-block-778\" style=\"background-color: #ffffff; background-image: url(); padding-bottom: 50px; padding-top: 60px; \">\r\n\t<div class=\"skt-builder-block-inner skt-builder-block-inner-778\" style=\"\">\r\n\t\t<div class=\"skt-builder-container\">\r\n\t\t\t\t<div class=\"skt-builder-block-title\">\r\n\t\t\t\t\t<h2 style=\"color: #282828; text-align: left;\">Proyecto de Instalaci\u00f3n y Reparaci\u00f3n de Mallas de Patio<\/h2>\r\n\t\t\t\t<\/div>\r\n                <div class=\"skt-builder-block-description\"><p><br><\/p><\/div>\r\n\t\t\t<style>\r\n\t\t\t\t.skt-builder-carousel.owl-carousel-778 .owl-nav{font-size: 40px; text-align: right;}\r\n\t\t\t\t.skt-builder-carousel.owl-carousel-778 .owl-prev{color: #000000 !important; margin-right: 15px;}\r\n\t\t\t\t.skt-builder-carousel.owl-carousel-778 .owl-next{color: #000000 !important;}\r\n\t\t\t\t.skt-builder-carousel.owl-carousel-778 .owl-prev:hover, .skt-builder-carousel.owl-carousel-778 .owl-next:hover{color: #A2A2A2 !important;}\r\n\t\t\t\t.skt-builder-carousel.owl-carousel-778 .owl-dots{text-align: center;}\r\n\t\t\t\t.skt-builder-carousel.owl-carousel-778 .owl-dots .owl-dot{background-color: #FFFFFF; border-color: #000000;}\r\n\t\t\t\t.skt-builder-carousel.owl-carousel-778 .owl-dots .owl-dot.active{background-color: #f3cc23; border-color: #f3cc23;}\r\n\t\t\t<\/style>\r\n\t\t\t<div class=\"skt-builder-carousel skt-builder-carousel-bullets-style2 owl-carousel-builder owl-carousel-778\" style=\"padding-top: 60px;\">\r\n\t\t\t\t\t<div class=\"item\">\r\n\t\t\t\t\t\t\t\r\n\t\t\t\t\t\t\t<img decoding=\"async\" src=\"https:\/\/artsolutions4all.com\/wp-content\/uploads\/2020\/11\/2.jpg\">\r\n\t\t\t\t\t\t\t\r\n\t\t\t\t\t<\/div>\r\n\t\t\t\t\t<div class=\"item\">\r\n\t\t\t\t\t\t\t\r\n\t\t\t\t\t\t\t<img decoding=\"async\" src=\"https:\/\/artsolutions4all.com\/wp-content\/uploads\/2020\/11\/2.jpg\">\r\n\t\t\t\t\t\t\t\r\n\t\t\t\t\t<\/div>\r\n\t\t\t\t\t<div class=\"item\">\r\n\t\t\t\t\t\t\t\r\n\t\t\t\t\t\t\t<img decoding=\"async\" src=\"https:\/\/artsolutions4all.com\/wp-content\/uploads\/2020\/11\/5.jpg\">\r\n\t\t\t\t\t\t\t\r\n\t\t\t\t\t<\/div>\r\n\t\t\t\t\t<div class=\"item\">\r\n\t\t\t\t\t\t\t\r\n\t\t\t\t\t\t\t<img decoding=\"async\" src=\"https:\/\/artsolutions4all.com\/wp-content\/uploads\/2020\/11\/4.jpg\">\r\n\t\t\t\t\t\t\t\r\n\t\t\t\t\t<\/div>\r\n\t\t\t\t\t<div class=\"item\">\r\n\t\t\t\t\t\t\t\r\n\t\t\t\t\t\t\t<img decoding=\"async\" src=\"https:\/\/artsolutions4all.com\/wp-content\/uploads\/2020\/11\/3.jpg\">\r\n\t\t\t\t\t\t\t\r\n\t\t\t\t\t<\/div>\r\n\t\t\t<\/div>\r\n\t\t<\/div>\r\n\t<\/div>\r\n<\/div>\r\n\r\n<script>\r\njQuery(document).ready(function() {\r\n  jQuery('.owl-carousel-778').owlCarousel({\r\n\tmargin: 20,\r\n\tautoplayTimeout: 3000,\r\n\tsmartSpeed: 500,\r\n\tloop: true,\r\n\tautoplay: true,\r\n\tautoplayHoverPause: true,\r\n\tnav: true,\r\n\tdots: true,\r\n\tnavText: ['<span class=\"fa fa-angle-left\"><\/span>','<span class=\"fa fa-angle-right\"><\/span>'],\r\n\tresponsiveClass: true,\r\n\tresponsive:{\r\n        0:{\r\n            items: 1,\r\n        },\r\n        600:{\r\n            items: 2,\r\n        },\r\n        1000:{\r\n            items: 4,\r\n        }\r\n    }\r\n  });\r\n});\r\n<\/script><!-- sktbuilder starter --><script type=\"text\/javascript\" src=\"https:\/\/artsolutions4all.com\/wp-content\/plugins\/skt-builder\/sktbuilder\/sktbuilder-frontend-starter.js\"><\/script><script type=\"text\/javascript\" src=\"https:\/\/artsolutions4all.com\/wp-content\/plugins\/skt-builder\/sktbuilder-wordpress-driver.js\"><\/script><script type=\"text\/javascript\"> var starter = new SktbuilderStarter({\"mode\": \"prod\", \"skip\":[\"jquery\",\"underscore\",\"backbone\"],\"sktbuilderUrl\": \"https:\/\/artsolutions4all.com\/wp-content\/plugins\/skt-builder\/sktbuilder\/\", \"driver\": new SktbuilderWordpressDriver({\"ajaxUrl\": \"https:\/\/artsolutions4all.com\/wp-admin\/admin-ajax.php\", \"iframeUrl\": \"https:\/\/artsolutions4all.com\/index.php\/galeria\/?sktbuilder=true\", \"pageId\": 2331,  \"nonce\": \"97e4050bd8\", \"pages\": [{\"title\":\"Gallery\",\"url\":\"https:\\\/\\\/artsolutions4all.com\\\/wp-admin\\\/post.php?post=123&action=sktbuilder\"},{\"title\":\"Home\",\"url\":\"https:\\\/\\\/artsolutions4all.com\\\/wp-admin\\\/post.php?post=1665&action=sktbuilder\"},{\"title\":\"Services\",\"url\":\"https:\\\/\\\/artsolutions4all.com\\\/wp-admin\\\/post.php?post=1963&action=sktbuilder\"},{\"title\":\"Inicio\",\"url\":\"https:\\\/\\\/artsolutions4all.com\\\/wp-admin\\\/post.php?post=2295&action=sktbuilder\"},{\"title\":\"Servicios\",\"url\":\"https:\\\/\\\/artsolutions4all.com\\\/wp-admin\\\/post.php?post=2323&action=sktbuilder\"}], \"page\": \"Galer\u00eda\" }) });<\/script><!-- end sktbuilder starter -->","protected":false},"excerpt":{"rendered":"<p>Proyecto de Plomer\u00eda Proyecto de Reparaciones Mayores y Menores Proyecto de Restauraci\u00f3n de Vivienda Residencial Proyecto de Instalaci\u00f3n y Reparaci\u00f3n de Mallas de Patio<\/p>\n","protected":false},"author":3,"featured_media":2107,"parent":0,"menu_order":0,"comment_status":"closed","ping_status":"closed","template":"templates\/page-fullwidth_template.php","meta":{"footnotes":""},"class_list":["post-2331","page","type-page","status-publish","has-post-thumbnail","hentry"],"_links":{"self":[{"href":"https:\/\/artsolutions4all.com\/index.php\/wp-json\/wp\/v2\/pages\/2331","targetHints":{"allow":["GET"]}}],"collection":[{"href":"https:\/\/artsolutions4all.com\/index.php\/wp-json\/wp\/v2\/pages"}],"about":[{"href":"https:\/\/artsolutions4all.com\/index.php\/wp-json\/wp\/v2\/types\/page"}],"author":[{"embeddable":true,"href":"https:\/\/artsolutions4all.com\/index.php\/wp-json\/wp\/v2\/users\/3"}],"replies":[{"embeddable":true,"href":"https:\/\/artsolutions4all.com\/index.php\/wp-json\/wp\/v2\/comments?post=2331"}],"version-history":[{"count":9,"href":"https:\/\/artsolutions4all.com\/index.php\/wp-json\/wp\/v2\/pages\/2331\/revisions"}],"predecessor-version":[{"id":3358,"href":"https:\/\/artsolutions4all.com\/index.php\/wp-json\/wp\/v2\/pages\/2331\/revisions\/3358"}],"wp:featuredmedia":[{"embeddable":true,"href":"https:\/\/artsolutions4all.com\/index.php\/wp-json\/wp\/v2\/media\/2107"}],"wp:attachment":[{"href":"https:\/\/artsolutions4all.com\/index.php\/wp-json\/wp\/v2\/media?parent=2331"}],"curies":[{"name":"wp","href":"https:\/\/api.w.org\/{rel}","templated":true}]}}