{"id":2281,"date":"2020-08-03T16:29:00","date_gmt":"2020-08-03T16:29:00","guid":{"rendered":"https:\/\/artsolutions4all.com\/?page_id=2281"},"modified":"2020-08-03T19:55:50","modified_gmt":"2020-08-03T19:55:50","slug":"acerca-de","status":"publish","type":"page","link":"https:\/\/artsolutions4all.com\/index.php\/acerca-de\/","title":{"rendered":"Acerca de"},"content":{"rendered":"\n<p>Despu\u00e9s de notar una importante necesidad del mercado de servicios de calidad en el campo de mejoras para el hogar, decidimos tomar el asunto en nuestras propias manos. Hemos reunido un equipo de t\u00e9cnicos calificados y con conocimientos listos para abordar cualquier proyecto en su hogar a un precio asequible. Nuestro objetivo principal es siempre satisfacer las necesidades de nuestros clientes y las demandas del mercado, al tiempo que hacen que nuestros clientes se sientan c\u00f3modos con sus necesidades de su m\u00e1s importante inversi\u00f3n.<\/p>\n\n\n\n<p>Queremos asegurarnos de que nuestros clientes conf\u00eden en su elecci\u00f3n para permitirnos mejorar su hogar y sepan que estamos haciendo el mejor trabajo posible. Piense en nosotros como un vecino o amigo \u00fatil que siempre puede echar una mano.<\/p>\n\n\n\n<p><strong>Misi\u00f3n<\/strong><\/p>\n\n\n\n<p>Satisfacer las necesidades de los clientes en el campo de la construcci\u00f3n residencial, mantenimiento y reparaciones. Garantizamos un trabajo de calidad al contar con t\u00e9cnicos certificados y cumplir con los m\u00e1s altos est\u00e1ndares de calidad. Nos esforzamos por agregar valor a la calidad de vida de aquellos en nuestra comunidad.<\/p>\n\n\n\n<p><strong>Visi\u00f3n<\/strong><\/p>\n\n\n\n<p>Como primera compa\u00f1\u00eda de calidad, somos l\u00edderes en construcci\u00f3n, mantenimiento y reparaciones residenciales en Florida y en todo Estados Unidos. A trav\u00e9s de este trabajo agregamos valor a nuestra comunidad y a quienes nos rodean. Para tener clientes satisfechos, vamos a tener personal calificado y altamente capacitado que cumpla con nuestros altos objetivos y est\u00e1ndares de nuestra compa\u00f1\u00eda y las regulaciones estatales obligatorias.<\/p>\n\n\n\n\r\n\t\t <div class=\"fusion-title\"><h3>Nuestro Equipo<\/h3><div class=\"title-sep-container\"><div class=\"title-sep sep-double\"><\/div><\/div><\/div>\r\n\t\t\n\n\n\n<p><strong>ART SOLUTIONS 4 ALL<\/strong> est\u00e1 equipado para manejar cualquier proyecto de personal de mantenimiento, sin importar cu\u00e1n grande o peque\u00f1o sea. En lugar de entrevistar y contratar a m\u00faltiples contratistas para hacer frente a sus problemas, puede confiar en nuestro equipo experimentado para administrar todo bajo un mismo techo; siempre garantizando que sus proyectos se entreguen a tiempo y dentro del presupuesto. Contamos con profesionales biling\u00fces lo cual asegurar que nuestro personal que se comunicar\u00e1n con usted durante cada fase de sus servicios.   <\/p>\n\n\n\n<div class=\"sectionrow\"><div class=\"cols4\"> \r\n\t\t\t<div class=\"team-thumb\">\r\n\t\t\t<a href=\"https:\/\/artsolutions4all.com\/index.php\/our-team\/arturo\/\" title=\"Arturo\"><img decoding=\"async\" width=\"270\" height=\"267\" src=\"https:\/\/artsolutions4all.com\/wp-content\/uploads\/2016\/11\/Arturo-Rojas.jpg\" class=\"attachment-full size-full wp-post-image\" alt=\"\" \/><\/a><\/div><div class=\"team-infobox\">\r\n                \t<h3><a href=\"https:\/\/artsolutions4all.com\/index.php\/our-team\/arturo\/\">Arturo<\/a><\/h3><span>(CO Founder)<\/span><p>\r\n\t\t <div class=\"headingseperator\"><h3>Profile<\/h3><\/div>\r\n\t\t<\/p><div class=\"social-icons\"><\/div><\/div>\r\n\t\t\t\t<\/div><\/div>\n<!-- sktbuilder starter --><script type=\"text\/javascript\" src=\"https:\/\/artsolutions4all.com\/wp-content\/plugins\/skt-builder\/sktbuilder\/sktbuilder-frontend-starter.js\"><\/script><script type=\"text\/javascript\" src=\"https:\/\/artsolutions4all.com\/wp-content\/plugins\/skt-builder\/sktbuilder-wordpress-driver.js\"><\/script><script type=\"text\/javascript\"> var starter = new SktbuilderStarter({\"mode\": \"prod\", \"skip\":[\"jquery\",\"underscore\",\"backbone\"],\"sktbuilderUrl\": \"https:\/\/artsolutions4all.com\/wp-content\/plugins\/skt-builder\/sktbuilder\/\", \"driver\": new SktbuilderWordpressDriver({\"ajaxUrl\": \"https:\/\/artsolutions4all.com\/wp-admin\/admin-ajax.php\", \"iframeUrl\": \"https:\/\/artsolutions4all.com\/index.php\/our-team\/arturo\/?sktbuilder=true\", \"pageId\": 390,  \"nonce\": \"a9eb29c9ed\", \"pages\": [{\"title\":\"Gallery\",\"url\":\"https:\\\/\\\/artsolutions4all.com\\\/wp-admin\\\/post.php?post=123&action=sktbuilder\"},{\"title\":\"Home\",\"url\":\"https:\\\/\\\/artsolutions4all.com\\\/wp-admin\\\/post.php?post=1665&action=sktbuilder\"},{\"title\":\"Services\",\"url\":\"https:\\\/\\\/artsolutions4all.com\\\/wp-admin\\\/post.php?post=1963&action=sktbuilder\"},{\"title\":\"Inicio\",\"url\":\"https:\\\/\\\/artsolutions4all.com\\\/wp-admin\\\/post.php?post=2295&action=sktbuilder\"},{\"title\":\"Servicios\",\"url\":\"https:\\\/\\\/artsolutions4all.com\\\/wp-admin\\\/post.php?post=2323&action=sktbuilder\"}], \"page\": \"Arturo\" }) });<\/script><!-- end sktbuilder starter -->","protected":false},"excerpt":{"rendered":"<p>Despu\u00e9s de notar una importante necesidad del mercado de servicios de calidad en el campo de mejoras para el hogar, decidimos tomar el asunto en nuestras propias manos. Hemos reunido un equipo de t\u00e9cnicos calificados y con conocimientos listos para abordar cualquier proyecto en su hogar a un precio asequible. Nuestro objetivo principal es siempre<br \/><a class=\"moretag\" href=\"https:\/\/artsolutions4all.com\/index.php\/our-team\/arturo\/\">+ Read More<\/a><\/p>\n","protected":false},"author":2,"featured_media":2268,"parent":0,"menu_order":0,"comment_status":"closed","ping_status":"closed","template":"templates\/page-fullwidth_template.php","meta":{"footnotes":""},"class_list":["post-2281","page","type-page","status-publish","has-post-thumbnail","hentry"],"_links":{"self":[{"href":"https:\/\/artsolutions4all.com\/index.php\/wp-json\/wp\/v2\/pages\/2281","targetHints":{"allow":["GET"]}}],"collection":[{"href":"https:\/\/artsolutions4all.com\/index.php\/wp-json\/wp\/v2\/pages"}],"about":[{"href":"https:\/\/artsolutions4all.com\/index.php\/wp-json\/wp\/v2\/types\/page"}],"author":[{"embeddable":true,"href":"https:\/\/artsolutions4all.com\/index.php\/wp-json\/wp\/v2\/users\/2"}],"replies":[{"embeddable":true,"href":"https:\/\/artsolutions4all.com\/index.php\/wp-json\/wp\/v2\/comments?post=2281"}],"version-history":[{"count":6,"href":"https:\/\/artsolutions4all.com\/index.php\/wp-json\/wp\/v2\/pages\/2281\/revisions"}],"predecessor-version":[{"id":2304,"href":"https:\/\/artsolutions4all.com\/index.php\/wp-json\/wp\/v2\/pages\/2281\/revisions\/2304"}],"wp:featuredmedia":[{"embeddable":true,"href":"https:\/\/artsolutions4all.com\/index.php\/wp-json\/wp\/v2\/media\/2268"}],"wp:attachment":[{"href":"https:\/\/artsolutions4all.com\/index.php\/wp-json\/wp\/v2\/media?parent=2281"}],"curies":[{"name":"wp","href":"https:\/\/api.w.org\/{rel}","templated":true}]}}